{"id":602,"date":"2018-05-04T10:26:45","date_gmt":"2018-05-04T10:26:45","guid":{"rendered":"http:\/\/fast-est.com\/ro\/business-area\/"},"modified":"2019-02-25T16:20:01","modified_gmt":"2019-02-25T15:20:01","slug":"domeniu-de-afaceri","status":"publish","type":"page","link":"https:\/\/fast-est.com\/ro\/domeniu-de-afaceri\/","title":{"rendered":"Domeniu de afaceri"},"content":{"rendered":"<div class=\"wpb-content-wrapper\"><p>[vc_row css_animation=&#8221;&#8221; row_type=&#8221;row&#8221; use_row_as_full_screen_section=&#8221;no&#8221; type=&#8221;grid&#8221; angled_section=&#8221;no&#8221; text_align=&#8221;center&#8221; background_image_as_pattern=&#8221;without_pattern&#8221; z_index=&#8221;&#8221; css=&#8221;.vc_custom_1525424560241{padding-top: 130px !important;padding-bottom: 80px !important;}&#8221;][vc_column width=&#8221;1\/2&#8243; offset=&#8221;vc_col-lg-offset-0 vc_col-lg-3 vc_col-md-offset-0 vc_col-md-6 vc_col-sm-offset-0 vc_col-xs-12&#8243;]<div class=\"image_with_text\"><img decoding=\"async\" itemprop=\"image\" src=\"https:\/\/fast-est.com\/content\/uploads\/environment.png\" alt=\"Mediu \u00eenconjur\u0103tor\" \/><h3 >Mediu \u00eenconjur\u0103tor<\/h3><span style=\"margin: 6px 0px;\" class=\"separator transparent\"><\/span>Controlul la distan\u021b\u0103 al instala\u021biilor. Monitorizarea apei. Instala\u021bii de epurare. Instala\u021bie de tratare a apei. Instala\u021bie pentru incinerarea reziduurilor<\/div>[vc_empty_space height=&#8221;35px&#8221;][\/vc_column][vc_column width=&#8221;1\/2&#8243; offset=&#8221;vc_col-lg-offset-0 vc_col-lg-3 vc_col-md-offset-0 vc_col-md-6 vc_col-sm-offset-0 vc_col-xs-12&#8243;]<div class=\"image_with_text\"><img decoding=\"async\" itemprop=\"image\" src=\"https:\/\/fast-est.com\/content\/uploads\/chemical.png\" alt=\"Chimie\" \/><h3 >Chimie<\/h3><span style=\"margin: 6px 0px;\" class=\"separator transparent\"><\/span>Fabricarea de polimeri, transportul \u0219i stocarea polimerilor. Producerea de polimeri, cauciuc, film, vopsea, etc<\/div>[vc_empty_space height=&#8221;35px&#8221;][\/vc_column][vc_column width=&#8221;1\/2&#8243; offset=&#8221;vc_col-lg-offset-0 vc_col-lg-3 vc_col-md-offset-0 vc_col-md-6 vc_col-sm-offset-0 vc_col-xs-12&#8243;]<div class=\"image_with_text\"><img decoding=\"async\" itemprop=\"image\" src=\"https:\/\/fast-est.com\/content\/uploads\/logistic.png\" alt=\"Logistic\u0103\" \/><h3 >Logistic\u0103<\/h3><span style=\"margin: 6px 0px;\" class=\"separator transparent\"><\/span>Pachet software pentru gestionarea instala\u021biilor, automatiz\u0103ri de birou \u0219i suport logistic<\/div>[vc_empty_space height=&#8221;35px&#8221;][\/vc_column][vc_column width=&#8221;1\/2&#8243; offset=&#8221;vc_col-lg-3 vc_col-md-offset-0 vc_col-md-6 vc_col-sm-offset-0 vc_col-xs-12&#8243;]<div class=\"image_with_text\"><img decoding=\"async\" itemprop=\"image\" src=\"https:\/\/fast-est.com\/content\/uploads\/energy.png\" alt=\"Energie electric\u0103\" \/><h3 >Energie electric\u0103<\/h3><span style=\"margin: 6px 0px;\" class=\"separator transparent\"><\/span>Controlul la distan\u021b\u0103 si monitorizarea sistemului de distribu\u021bie a energiei electrice<\/div>[vc_empty_space height=&#8221;35px&#8221;][\/vc_column][\/vc_row][vc_row css_animation=&#8221;&#8221; row_type=&#8221;row&#8221; use_row_as_full_screen_section=&#8221;no&#8221; type=&#8221;full_width&#8221; angled_section=&#8221;no&#8221; text_align=&#8221;left&#8221; background_image_as_pattern=&#8221;without_pattern&#8221;][vc_column][vc_column_text]<\/p>\n<h2 style=\"text-align: center;\">PROIECTE:<\/h2>\n<p>[\/vc_column_text][vc_row_inner row_type=&#8221;row&#8221; type=&#8221;full_width&#8221; text_align=&#8221;left&#8221; css_animation=&#8221;&#8221;][vc_column_inner css=&#8221;.vc_custom_1525363739559{margin-bottom: -120px !important;}&#8221;][qode_elements_holder number_of_columns=&#8221;one_column&#8221;][qode_elements_holder_item item_padding=&#8221;61px 0px 0 82px&#8221; advanced_animations=&#8221;no&#8221; item_padding_768_1024=&#8221;50px 0px 0 22px&#8221; item_padding_600_768=&#8221;40px 0px 40px 69px&#8221; item_padding_480_600=&#8221;50px 0px 30px 20px&#8221; item_padding_480=&#8221;50px 0px 30px 20px&#8221;][vc_column_text]<\/p>\n<h1>Mediu \u00eenconjur\u0103tor<\/h1>\n<p>[\/vc_column_text][vc_separator type=&#8221;transparent&#8221; up=&#8221;20&#8243;][\/qode_elements_holder_item][\/qode_elements_holder][\/vc_column_inner][\/vc_row_inner][vc_empty_space height=&#8221;60px&#8221;][vc_empty_space height=&#8221;15px&#8221;][vc_row_inner row_type=&#8221;row&#8221; type=&#8221;grid&#8221; text_align=&#8221;left&#8221; css_animation=&#8221;&#8221;][vc_column_inner width=&#8221;1\/12&#8243;][\/vc_column_inner][vc_column_inner width=&#8221;11\/12&#8243;][vc_column_text]<\/p>\n<h3><span style=\"color: #c42162; font-weight: 300;\">1) <\/span><strong>Sistem de supervizare<\/strong> pentru tratarea apelor reziduale (India).<\/h3>\n<p>[\/vc_column_text][vc_empty_space height=&#8221;15px&#8221;][vc_column_text]<\/p>\n<h3><span style=\"color: #c42162; font-weight: 300;\">2) <\/span><strong>Incinerator:<\/strong> scopul proiectului este de incinerare a reziduurilor care rezult\u0103 din procesul de tratare a apei (India).<\/h3>\n<p>[\/vc_column_text][vc_empty_space height=&#8221;15px&#8221;][\/vc_column_inner][\/vc_row_inner][vc_empty_space height=&#8221;60px&#8221;][\/vc_column][\/vc_row][vc_row css_animation=&#8221;&#8221; row_type=&#8221;row&#8221; use_row_as_full_screen_section=&#8221;no&#8221; type=&#8221;full_width&#8221; angled_section=&#8221;no&#8221; text_align=&#8221;left&#8221; background_image_as_pattern=&#8221;without_pattern&#8221;][vc_column][vc_row_inner row_type=&#8221;row&#8221; type=&#8221;full_width&#8221; text_align=&#8221;left&#8221; css_animation=&#8221;&#8221;][vc_column_inner css=&#8221;.vc_custom_1525363739559{margin-bottom: -120px !important;}&#8221;][qode_elements_holder number_of_columns=&#8221;one_column&#8221;][qode_elements_holder_item item_padding=&#8221;61px 0px 0 82px&#8221; advanced_animations=&#8221;no&#8221; item_padding_768_1024=&#8221;50px 0px 0 22px&#8221; item_padding_600_768=&#8221;40px 0px 40px 69px&#8221; item_padding_480_600=&#8221;50px 0px 30px 20px&#8221; item_padding_480=&#8221;50px 0px 30px 20px&#8221;][vc_column_text]<\/p>\n<h1>Chimie<\/h1>\n<p>[\/vc_column_text][vc_separator type=&#8221;transparent&#8221; up=&#8221;20&#8243;][\/qode_elements_holder_item][\/qode_elements_holder][\/vc_column_inner][\/vc_row_inner][vc_empty_space height=&#8221;60px&#8221;][vc_empty_space height=&#8221;15px&#8221;][vc_row_inner row_type=&#8221;row&#8221; type=&#8221;grid&#8221; text_align=&#8221;left&#8221; css_animation=&#8221;&#8221;][vc_column_inner width=&#8221;1\/12&#8243;][\/vc_column_inner][vc_column_inner width=&#8221;11\/12&#8243;][vc_column_text]<\/p>\n<h3><span style=\"color: #c42162; font-weight: 300;\">1)\u00a0<\/span><strong>Uzina de polimeri poliester:<\/strong> fabricarea de chipsuri pentru sticle din plastic (PET).<\/h3>\n<p>[\/vc_column_text][vc_empty_space height=&#8221;15px&#8221;][\/vc_column_inner][\/vc_row_inner][vc_empty_space height=&#8221;60px&#8221;][\/vc_column][\/vc_row][vc_row css_animation=&#8221;&#8221; row_type=&#8221;row&#8221; use_row_as_full_screen_section=&#8221;no&#8221; type=&#8221;full_width&#8221; angled_section=&#8221;no&#8221; text_align=&#8221;left&#8221; background_image_as_pattern=&#8221;without_pattern&#8221;][vc_column][vc_row_inner row_type=&#8221;row&#8221; type=&#8221;full_width&#8221; text_align=&#8221;left&#8221; css_animation=&#8221;&#8221;][vc_column_inner css=&#8221;.vc_custom_1525363739559{margin-bottom: -120px !important;}&#8221;][qode_elements_holder number_of_columns=&#8221;one_column&#8221;][qode_elements_holder_item item_padding=&#8221;61px 0px 0 82px&#8221; advanced_animations=&#8221;no&#8221; item_padding_768_1024=&#8221;50px 0px 0 22px&#8221; item_padding_600_768=&#8221;40px 0px 40px 69px&#8221; item_padding_480_600=&#8221;50px 0px 30px 20px&#8221; item_padding_480=&#8221;50px 0px 30px 20px&#8221;][vc_column_text]<\/p>\n<h1>Logistic\u0103<\/h1>\n<p>[\/vc_column_text][vc_separator type=&#8221;transparent&#8221; up=&#8221;20&#8243;][\/qode_elements_holder_item][\/qode_elements_holder][\/vc_column_inner][\/vc_row_inner][vc_empty_space height=&#8221;60px&#8221;][vc_empty_space height=&#8221;15px&#8221;][vc_row_inner row_type=&#8221;row&#8221; type=&#8221;grid&#8221; text_align=&#8221;left&#8221; css_animation=&#8221;&#8221;][vc_column_inner width=&#8221;1\/12&#8243;][\/vc_column_inner][vc_column_inner width=&#8221;11\/12&#8243;][vc_column_text]<\/p>\n<h3><span style=\"color: #c42162; font-weight: 300;\">1)\u00a0<\/span><strong>Pachet de comenzi pentru clien\u021bi:<\/strong> pachet software pentru gestionarea comenzilor, integrat cu lista de pre\u021buri electronice, utiliz\u00e2nd formatul de fi\u0219ier standard METEL.<\/h3>\n<p>[\/vc_column_text][vc_empty_space height=&#8221;15px&#8221;][vc_column_text]<\/p>\n<h3><span style=\"color: #c42162; font-weight: 300;\">2) <\/span><strong>\u00centre\u021binerea dispozitivelor industriale:<\/strong> Pachete software de \u00eentre\u021binere automat\u0103, aplicate zonelor industriale.<\/h3>\n<p>[\/vc_column_text][vc_empty_space height=&#8221;15px&#8221;][vc_column_text]<\/p>\n<h3><span style=\"color: #c42162; font-weight: 300;\">3)<\/span> <strong>Managementul \u00eenc\u0103rc\u0103rii \/ desc\u0103rc\u0103rii vehiculelor:<\/strong>\u00a0pachet software pentru gestionarea \u00eenc\u0103rc\u0103rii vehiculelor \u00eentr-o zon\u0103 industrial\u0103, prin intermediul dispozitivelor de control multimedia.<\/h3>\n<p>[\/vc_column_text][vc_empty_space height=&#8221;15px&#8221;][vc_column_text]<\/p>\n<h3><span style=\"color: #c42162; font-weight: 300;\">4)<\/span> <strong>Control Library <\/strong>pentru platforma Microsoft.<\/h3>\n<p>[\/vc_column_text][vc_empty_space height=&#8221;15px&#8221;][vc_column_text]<\/p>\n<h3><span style=\"color: #c42162; font-weight: 300;\">5)<\/span> <strong>Tehnologii client \/ server OPC:<\/strong> OPC (OLE pentru procese de control) pentru standard process data layer<\/h3>\n<p>[\/vc_column_text][vc_empty_space height=&#8221;15px&#8221;][\/vc_column_inner][\/vc_row_inner][vc_empty_space height=&#8221;60px&#8221;][\/vc_column][\/vc_row][vc_row css_animation=&#8221;&#8221; row_type=&#8221;row&#8221; use_row_as_full_screen_section=&#8221;no&#8221; type=&#8221;full_width&#8221; angled_section=&#8221;no&#8221; text_align=&#8221;left&#8221; background_image_as_pattern=&#8221;without_pattern&#8221;][vc_column][vc_row_inner row_type=&#8221;row&#8221; type=&#8221;full_width&#8221; text_align=&#8221;left&#8221; css_animation=&#8221;&#8221;][vc_column_inner css=&#8221;.vc_custom_1525363739559{margin-bottom: -120px !important;}&#8221;][qode_elements_holder number_of_columns=&#8221;one_column&#8221;][qode_elements_holder_item item_padding=&#8221;61px 0px 0 82px&#8221; advanced_animations=&#8221;no&#8221; item_padding_768_1024=&#8221;50px 0px 0 22px&#8221; item_padding_600_768=&#8221;40px 0px 40px 69px&#8221; item_padding_480_600=&#8221;50px 0px 30px 20px&#8221; item_padding_480=&#8221;50px 0px 30px 20px&#8221;][vc_column_text]<\/p>\n<h1>Energie electric\u0103<\/h1>\n<p>[\/vc_column_text][vc_separator type=&#8221;transparent&#8221; up=&#8221;20&#8243;][\/qode_elements_holder_item][\/qode_elements_holder][\/vc_column_inner][\/vc_row_inner][vc_empty_space height=&#8221;60px&#8221;][vc_empty_space height=&#8221;15px&#8221;][vc_row_inner row_type=&#8221;row&#8221; type=&#8221;grid&#8221; text_align=&#8221;left&#8221; css_animation=&#8221;&#8221;][vc_column_inner width=&#8221;1\/12&#8243;][\/vc_column_inner][vc_column_inner width=&#8221;11\/12&#8243;][vc_column_text]<\/p>\n<h3><span style=\"color: #c42162; font-weight: 300;\">1) <\/span><strong>Controlul de la distan\u021b\u0103<\/strong> <strong>\u0219i supervizarea<\/strong> sistemului de distribu\u021bie a c\u0103ldurii (Italia).<\/h3>\n<p>[\/vc_column_text][vc_empty_space height=&#8221;15px&#8221;][vc_column_text]<\/p>\n<h3><span style=\"color: #c42162; font-weight: 300;\">2)<\/span> <strong>Tratarea \u0219i distribu\u021bia biogazului:<\/strong> colectarea, tratarea \u0219i distribu\u021bia biogazului (Italia).<\/h3>\n<p>[\/vc_column_text][vc_empty_space height=&#8221;15px&#8221;][\/vc_column_inner][\/vc_row_inner][vc_empty_space height=&#8221;60px&#8221;][\/vc_column][\/vc_row][vc_row css_animation=&#8221;&#8221; row_type=&#8221;row&#8221; use_row_as_full_screen_section=&#8221;no&#8221; type=&#8221;full_width&#8221; angled_section=&#8221;no&#8221; text_align=&#8221;left&#8221; background_image_as_pattern=&#8221;without_pattern&#8221;][vc_column][vc_row_inner row_type=&#8221;row&#8221; type=&#8221;grid&#8221; text_align=&#8221;right&#8221; css_animation=&#8221;&#8221;][vc_column_inner width=&#8221;1\/6&#8243;][\/vc_column_inner][vc_column_inner width=&#8221;2\/3&#8243;][vc_empty_space height=&#8221;15px&#8221;][vc_empty_space height=&#8221;15px&#8221;]<a  itemprop=\"url\" href=\"\/Contactati-ne\" target=\"_self\"  class=\"qbutton  medium default\" style=\"\">Contacta\u021bi-ne<\/a>[vc_empty_space height=&#8221;60px&#8221;][\/vc_column_inner][vc_column_inner width=&#8221;1\/6&#8243;][\/vc_column_inner][\/vc_row_inner][\/vc_column][\/vc_row]<\/p>\n<\/div>","protected":false},"excerpt":{"rendered":"<p>[vc_row css_animation=&#8221;&#8221; row_type=&#8221;row&#8221; use_row_as_full_screen_section=&#8221;no&#8221; type=&#8221;grid&#8221; angled_section=&#8221;no&#8221; text_align=&#8221;center&#8221; background_image_as_pattern=&#8221;without_pattern&#8221; z_index=&#8221;&#8221; css=&#8221;.vc_custom_1525424560241{padding-top: 130px !important;padding-bottom: 80px !important;}&#8221;][vc_column width=&#8221;1\/2&#8243; offset=&#8221;vc_col-lg-offset-0 vc_col-lg-3 vc_col-md-offset-0 vc_col-md-6 vc_col-sm-offset-0 vc_col-xs-12&#8243;][vc_empty_space height=&#8221;35px&#8221;][\/vc_column][vc_column width=&#8221;1\/2&#8243; offset=&#8221;vc_col-lg-offset-0 vc_col-lg-3 vc_col-md-offset-0 vc_col-md-6 vc_col-sm-offset-0 vc_col-xs-12&#8243;][vc_empty_space height=&#8221;35px&#8221;][\/vc_column][vc_column width=&#8221;1\/2&#8243; offset=&#8221;vc_col-lg-offset-0 vc_col-lg-3 vc_col-md-offset-0 vc_col-md-6 vc_col-sm-offset-0 vc_col-xs-12&#8243;][vc_empty_space height=&#8221;35px&#8221;][\/vc_column][vc_column width=&#8221;1\/2&#8243; offset=&#8221;vc_col-lg-3 vc_col-md-offset-0 vc_col-md-6 vc_col-sm-offset-0 vc_col-xs-12&#8243;][vc_empty_space height=&#8221;35px&#8221;][\/vc_column][\/vc_row][vc_row&#8230;<\/p>\n","protected":false},"author":1,"featured_media":0,"parent":0,"menu_order":0,"comment_status":"closed","ping_status":"closed","template":"full_width.php","meta":{"footnotes":""},"class_list":["post-602","page","type-page","status-publish","hentry"],"_links":{"self":[{"href":"https:\/\/fast-est.com\/ro\/wp-json\/wp\/v2\/pages\/602"}],"collection":[{"href":"https:\/\/fast-est.com\/ro\/wp-json\/wp\/v2\/pages"}],"about":[{"href":"https:\/\/fast-est.com\/ro\/wp-json\/wp\/v2\/types\/page"}],"author":[{"embeddable":true,"href":"https:\/\/fast-est.com\/ro\/wp-json\/wp\/v2\/users\/1"}],"replies":[{"embeddable":true,"href":"https:\/\/fast-est.com\/ro\/wp-json\/wp\/v2\/comments?post=602"}],"version-history":[{"count":3,"href":"https:\/\/fast-est.com\/ro\/wp-json\/wp\/v2\/pages\/602\/revisions"}],"predecessor-version":[{"id":629,"href":"https:\/\/fast-est.com\/ro\/wp-json\/wp\/v2\/pages\/602\/revisions\/629"}],"wp:attachment":[{"href":"https:\/\/fast-est.com\/ro\/wp-json\/wp\/v2\/media?parent=602"}],"curies":[{"name":"wp","href":"https:\/\/api.w.org\/{rel}","templated":true}]}}