{"id":607,"date":"2018-05-03T15:39:50","date_gmt":"2018-05-03T15:39:50","guid":{"rendered":"http:\/\/fast-est.com\/ro\/contacts\/"},"modified":"2026-01-07T18:16:04","modified_gmt":"2026-01-07T17:16:04","slug":"contactati-ne","status":"publish","type":"page","link":"https:\/\/fast-est.com\/ro\/contactati-ne\/","title":{"rendered":"Contacta\u021bi-ne"},"content":{"rendered":"<div class=\"wpb-content-wrapper\"><p>[vc_row css_animation=&#8221;&#8221; row_type=&#8221;row&#8221; use_row_as_full_screen_section=&#8221;no&#8221; type=&#8221;grid&#8221; angled_section=&#8221;no&#8221; text_align=&#8221;left&#8221; background_image_as_pattern=&#8221;without_pattern&#8221; padding_top=&#8221;113&#8243; z_index=&#8221;&#8221;][vc_column offset=&#8221;vc_col-md-6&#8243;][vc_gmaps link=&#8221;#E-8_JTNDaWZyYW1lJTIwc3JjJTNEJTIyaHR0cHMlM0ElMkYlMkZ3d3cuZ29vZ2xlLmNvbSUyRm1hcHMlMkZlbWJlZCUzRnBiJTNEJTIxMW0xOCUyMTFtMTIlMjExbTMlMjExZDI3MjQuOTUyOTExNTI5NDU4JTIxMmQyNi4zNzY5MDQ2NzY4OTM3NCUyMTNkNDYuOTIzMzA3NjcxMTM1NDElMjEybTMlMjExZjAlMjEyZjAlMjEzZjAlMjEzbTIlMjExaTEwMjQlMjEyaTc2OCUyMTRmMTMuMSUyMTNtMyUyMTFtMiUyMTFzMHg0NzM1NTViYWI0ZjI0NDMzJTI1M0EweDYxYjBiMzYxZTBjYTBjMTYlMjEyc0Jsb2MlMjUyMEg0JTI1MkMlMjUyMEJ1bGV2YXJkdWwlMjUyMFRyYWlhbiUyNTJDJTI1MjBQaWF0cmElMjUyME5lYW0lMjVDOCUyNTlCJTI1MkMlMjUyMFJvbWFuaWElMjE1ZTAlMjEzbTIlMjExc2l0JTIxMnNpdCUyMTR2MTc2NDg0NjIwNjEzMSUyMTVtMiUyMTFzaXQlMjEyc2l0JTIyJTIwd2lkdGglM0QlMjI2MDAlMjIlMjBoZWlnaHQlM0QlMjI0NTAlMjIlMjBzdHlsZSUzRCUyMmJvcmRlciUzQTAlM0IlMjIlMjBhbGxvd2Z1bGxzY3JlZW4lM0QlMjIlMjIlMjBsb2FkaW5nJTNEJTIybGF6eSUyMiUyMHJlZmVycmVycG9saWN5JTNEJTIybm8tcmVmZXJyZXItd2hlbi1kb3duZ3JhZGUlMjIlM0UlM0MlMkZpZnJhbWUlM0U=&#8221; size=&#8221;600&#8243; css=&#8221;&#8221;][vc_empty_space height=&#8221;20px&#8221;][\/vc_column][vc_column offset=&#8221;vc_col-md-6 vc_col-sm-offset-0&#8243;][vc_column_text css=&#8221;&#8221;]<strong>FastEst Srl<\/strong><br \/>\nBulevardul Traian nr. 84, Bloc H4, Ap. 48<br \/>\n610142 Piatra Neam\u021b, Jude\u021bul Neam\u021b, Rom\u00e2nia<\/p>\n<p>Num\u0103r de \u00eenregistrare la Registrul Comer\u021bului: J27\/340\/2001<\/p>\n<p>Cod TVA (CUI): RO 14140519<\/p>\n<p>&nbsp;<\/p>\n<p><strong>Telefon<\/strong>: (+40) 333 401 129,<br \/>\n(+40) 333 401 130<br \/>\n<strong>E-Mail<\/strong>:\u00a0<a href=\"mailto:info@fast-est.com\">info@fast-est.com<\/a><br \/>\n<strong>Recrutare: <\/strong><a href=\"mailto:info@fast-est.com\">info@fast-est.com<\/a>[\/vc_column_text][vc_empty_space height=&#8221;20px&#8221;][vc_empty_space height=&#8221;20px&#8221;]\n<div class=\"wpcf7 no-js\" id=\"wpcf7-f609-o1\" lang=\"en-US\" dir=\"ltr\">\n<div class=\"screen-reader-response\"><p role=\"status\" aria-live=\"polite\" aria-atomic=\"true\"><\/p> <ul><\/ul><\/div>\n<form action=\"\/ro\/wp-json\/wp\/v2\/pages\/607#wpcf7-f609-o1\" method=\"post\" class=\"wpcf7-form init cf7_custom_style_1\" aria-label=\"Contact form\" novalidate=\"novalidate\" data-status=\"init\">\n<div style=\"display: none;\">\n<input type=\"hidden\" name=\"_wpcf7\" value=\"609\" \/>\n<input type=\"hidden\" name=\"_wpcf7_version\" value=\"5.9.7\" \/>\n<input type=\"hidden\" name=\"_wpcf7_locale\" value=\"en_US\" \/>\n<input type=\"hidden\" name=\"_wpcf7_unit_tag\" value=\"wpcf7-f609-o1\" \/>\n<input type=\"hidden\" name=\"_wpcf7_container_post\" value=\"0\" \/>\n<input type=\"hidden\" name=\"_wpcf7_posted_data_hash\" value=\"\" \/>\n<\/div>\n<div>\n\t<p><span class=\"wpcf7-form-control-wrap\" data-name=\"text-322\"><input size=\"40\" maxlength=\"400\" class=\"wpcf7-form-control wpcf7-text\" aria-invalid=\"false\" placeholder=\"Numele t\u0103u*\" value=\"\" type=\"text\" name=\"text-322\" \/><\/span>\n\t<\/p>\n<\/div>\n<div>\n\t<p><span class=\"wpcf7-form-control-wrap\" data-name=\"email-64\"><input size=\"40\" maxlength=\"400\" class=\"wpcf7-form-control wpcf7-email wpcf7-validates-as-required wpcf7-text wpcf7-validates-as-email\" aria-required=\"true\" aria-invalid=\"false\" placeholder=\"Adresa ta de email*\" value=\"\" type=\"email\" name=\"email-64\" \/><\/span>\n\t<\/p>\n<\/div>\n<div>\n\t<p><span class=\"wpcf7-form-control-wrap\" data-name=\"textarea-836\"><textarea cols=\"40\" rows=\"10\" maxlength=\"2000\" class=\"wpcf7-form-control wpcf7-textarea\" aria-invalid=\"false\" placeholder=\"Text mesaj\" name=\"textarea-836\"><\/textarea><\/span>\n\t<\/p>\n<\/div>\n<div>\n\t<p><span class=\"wpcf7-form-control-wrap\" data-name=\"acceptance-274\"><span class=\"wpcf7-form-control wpcf7-acceptance\"><span class=\"wpcf7-list-item\"><input type=\"checkbox\" name=\"acceptance-274\" value=\"1\" aria-invalid=\"false\" \/><\/span><\/span><\/span> Accept termenii & condi\u021biile <a href=\"http:\/\/fast-est.com\/ro\/politica-de-confidentialitate\/\">Politica-de-Confidentialitate<\/a>\n\t<\/p>\n<\/div>\n<p>&nbsp;<br \/>\n<input class=\"wpcf7-form-control wpcf7-submit has-spinner\" type=\"submit\" value=\"Trimite\" \/>\n<\/p><div class=\"wpcf7-response-output\" aria-hidden=\"true\"><\/div>\n<\/form>\n<\/div>\n[vc_empty_space height=&#8221;20px&#8221;][\/vc_column][\/vc_row][vc_row css_animation=&#8221;&#8221; row_type=&#8221;row&#8221; use_row_as_full_screen_section=&#8221;no&#8221; type=&#8221;grid&#8221; angled_section=&#8221;no&#8221; text_align=&#8221;left&#8221; background_image_as_pattern=&#8221;without_pattern&#8221; padding_top=&#8221;20&#8243; padding_bottom=&#8221;72&#8243; z_index=&#8221;&#8221;][vc_column offset=&#8221;vc_col-lg-3 vc_col-md-6&#8243;][\/vc_column][vc_column offset=&#8221;vc_col-lg-3 vc_col-md-6&#8243;][\/vc_column][vc_column offset=&#8221;vc_col-lg-3 vc_col-md-6&#8243;][\/vc_column][vc_column offset=&#8221;vc_col-lg-3 vc_col-md-6&#8243;][\/vc_column][\/vc_row]<\/p>\n<\/div>","protected":false},"excerpt":{"rendered":"<p>[vc_row css_animation=&#8221;&#8221; row_type=&#8221;row&#8221; use_row_as_full_screen_section=&#8221;no&#8221; type=&#8221;grid&#8221; angled_section=&#8221;no&#8221; text_align=&#8221;left&#8221; background_image_as_pattern=&#8221;without_pattern&#8221; padding_top=&#8221;113&#8243; z_index=&#8221;&#8221;][vc_column offset=&#8221;vc_col-md-6&#8243;][vc_gmaps link=&#8221;#E-8_JTNDaWZyYW1lJTIwc3JjJTNEJTIyaHR0cHMlM0ElMkYlMkZ3d3cuZ29vZ2xlLmNvbSUyRm1hcHMlMkZlbWJlZCUzRnBiJTNEJTIxMW0xOCUyMTFtMTIlMjExbTMlMjExZDI3MjQuOTUyOTExNTI5NDU4JTIxMmQyNi4zNzY5MDQ2NzY4OTM3NCUyMTNkNDYuOTIzMzA3NjcxMTM1NDElMjEybTMlMjExZjAlMjEyZjAlMjEzZjAlMjEzbTIlMjExaTEwMjQlMjEyaTc2OCUyMTRmMTMuMSUyMTNtMyUyMTFtMiUyMTFzMHg0NzM1NTViYWI0ZjI0NDMzJTI1M0EweDYxYjBiMzYxZTBjYTBjMTYlMjEyc0Jsb2MlMjUyMEg0JTI1MkMlMjUyMEJ1bGV2YXJkdWwlMjUyMFRyYWlhbiUyNTJDJTI1MjBQaWF0cmElMjUyME5lYW0lMjVDOCUyNTlCJTI1MkMlMjUyMFJvbWFuaWElMjE1ZTAlMjEzbTIlMjExc2l0JTIxMnNpdCUyMTR2MTc2NDg0NjIwNjEzMSUyMTVtMiUyMTFzaXQlMjEyc2l0JTIyJTIwd2lkdGglM0QlMjI2MDAlMjIlMjBoZWlnaHQlM0QlMjI0NTAlMjIlMjBzdHlsZSUzRCUyMmJvcmRlciUzQTAlM0IlMjIlMjBhbGxvd2Z1bGxzY3JlZW4lM0QlMjIlMjIlMjBsb2FkaW5nJTNEJTIybGF6eSUyMiUyMHJlZmVycmVycG9saWN5JTNEJTIybm8tcmVmZXJyZXItd2hlbi1kb3duZ3JhZGUlMjIlM0UlM0MlMkZpZnJhbWUlM0U=&#8221; size=&#8221;600&#8243; css=&#8221;&#8221;][vc_empty_space height=&#8221;20px&#8221;][\/vc_column][vc_column offset=&#8221;vc_col-md-6 vc_col-sm-offset-0&#8243;][vc_column_text css=&#8221;&#8221;]FastEst Srl Bulevardul Traian nr. 84, Bloc H4, Ap. 48 610142 Piatra Neam\u021b, Jude\u021bul Neam\u021b, Rom\u00e2nia Num\u0103r de \u00eenregistrare la Registrul Comer\u021bului: J27\/340\/2001 Cod TVA (CUI): RO 14140519&#8230;<\/p>\n","protected":false},"author":1,"featured_media":0,"parent":0,"menu_order":0,"comment_status":"closed","ping_status":"closed","template":"full_width.php","meta":{"footnotes":""},"class_list":["post-607","page","type-page","status-publish","hentry"],"_links":{"self":[{"href":"https:\/\/fast-est.com\/ro\/wp-json\/wp\/v2\/pages\/607"}],"collection":[{"href":"https:\/\/fast-est.com\/ro\/wp-json\/wp\/v2\/pages"}],"about":[{"href":"https:\/\/fast-est.com\/ro\/wp-json\/wp\/v2\/types\/page"}],"author":[{"embeddable":true,"href":"https:\/\/fast-est.com\/ro\/wp-json\/wp\/v2\/users\/1"}],"replies":[{"embeddable":true,"href":"https:\/\/fast-est.com\/ro\/wp-json\/wp\/v2\/comments?post=607"}],"version-history":[{"count":2,"href":"https:\/\/fast-est.com\/ro\/wp-json\/wp\/v2\/pages\/607\/revisions"}],"predecessor-version":[{"id":903,"href":"https:\/\/fast-est.com\/ro\/wp-json\/wp\/v2\/pages\/607\/revisions\/903"}],"wp:attachment":[{"href":"https:\/\/fast-est.com\/ro\/wp-json\/wp\/v2\/media?parent=607"}],"curies":[{"name":"wp","href":"https:\/\/api.w.org\/{rel}","templated":true}]}}