{"id":634,"date":"2019-03-04T17:19:06","date_gmt":"2019-03-04T16:19:06","guid":{"rendered":"http:\/\/fast-est.com\/ro\/?page_id=634"},"modified":"2019-03-04T17:19:06","modified_gmt":"2019-03-04T16:19:06","slug":"politica-de-confidentialitate","status":"publish","type":"page","link":"https:\/\/fast-est.com\/ro\/politica-de-confidentialitate\/","title":{"rendered":"Politic\u0103 de confiden\u021bialitate"},"content":{"rendered":"\n<p>Politic\u0103 de confiden\u021bialitate a&nbsp;<strong>www.fast-est.com\/<\/strong><\/p>\n\n\n\n<p>Acest site web colecteaz\u0103 anumite date cu caracter personal de la utilizatorii s\u0103i.<\/p>\n\n\n\n<p><strong>Proprietarul \u0219i operatorul de date<\/strong><\/p>\n\n\n\n<p>FastEst Srl&nbsp;<br>\nStrada Str\u0103muta\u021bi, nr. 54&nbsp;<br>\n610203 Piatra-Neam\u021b (NT)&nbsp;<br>\nRom\u00e2nia&nbsp;<br>\nNum\u0103r de \u00eenregistrare \u00een Registrul Comer\u021bului: J27\/340\/2001&nbsp;<br>\nNum\u0103r TVA: RO 14140519<\/p>\n\n\n\n<p><strong>E-mail de contact al proprietarului:<\/strong>&nbsp;privacy@fast-est.com<\/p>\n\n\n\n<p><strong>Tipurile de date colectate<\/strong><\/p>\n\n\n\n<p>Printre tipurile de date cu caracter personal pe care acest site le colecteaz\u0103, \u00een mod direct sau prin intermediul ter\u021bilor, exist\u0103: Cookie-uri; Date de utilizare; prenume; adres\u0103 de e-mail.<\/p>\n\n\n\n<p>Detalii complete privind fiecare tip de date cu caracter personal colectate sunt furnizate \u00een sec\u021biunile dedicate acestei politici de confiden\u021bialitate sau prin texte cu explica\u021bii specifice afi\u0219ate \u00eenainte de colectarea datelor.<br>\nDatele cu caracter personal pot fi furnizate \u00een mod liber de c\u0103tre utilizator sau, \u00een cazul datelor de utilizare, colectate automat atunci c\u00e2nd se utilizeaz\u0103 acest site web.<br>\nCu excep\u021bia cazului \u00een care se specific\u0103 altfel, toate datele solicitate de acest site web sunt obligatorii, iar nefurnizarea acestor date poate face ca acest site s\u0103 nu-\u0219i poat\u0103 furniza serviciile. \u00cen cazurile \u00een care acest site web specific\u0103 faptul c\u0103 anumite date nu sunt obligatorii, utilizatorii sunt liberi s\u0103 nu comunice aceste date f\u0103r\u0103 consecin\u021be asupra disponibilit\u0103\u021bii sau func\u021bion\u0103rii serviciului.<br>\nUtilizatorii care nu sunt siguri cu privire la ce date cu caracter personal sunt obligatorii, sunt bineveni\u021bi s\u0103 contacteze proprietarul.<br>\nOrice utilizare a cookie-urilor sau a altor instrumente de urm\u0103rire de c\u0103tre acest site web sau de c\u0103tre proprietarii serviciilor ter\u021bilor folosite de acest site web serve\u0219te scopului furniz\u0103rii serviciului solicitat de c\u0103tre utilizator, pe l\u00e2ng\u0103 orice alte scopuri descrise \u00een prezentul document \u0219i \u00een Politica de cookie, dac\u0103 este disponibil\u0103.<\/p>\n\n\n\n<p>Utilizatorii sunt responsabili pentru orice date cu caracter personal ale ter\u021bului ob\u021binute, publicate sau partajate prin intermediul acestui site web \u0219i confirm\u0103 c\u0103 au consim\u021b\u0103m\u00e2ntul ter\u021bului de a furniza datele c\u0103tre proprietar.<\/p>\n\n\n\n<p><strong>Modul \u0219i locul de prelucrare a datelor<\/strong><\/p>\n\n\n\n<p><strong>Metode de prelucrare<\/strong><\/p>\n\n\n\n<p>Proprietarul ia m\u0103surile de securitate adecvate pentru a preveni accesul neautorizat, divulgarea, modificarea sau distrugerea neautorizat\u0103 a datelor.<br>\nPrelucrarea datelor se efectueaz\u0103 cu ajutorul computerelor \u0219i\/sau a instrumentelor bazate pe IT, \u00een conformitate cu procedurile organiza\u021bionale \u0219i modurile strict legate de scopurile indicate. \u00cen afar\u0103 de proprietar, \u00een anumite cazuri, datele pot fi accesibile anumitor tipuri de persoane responsabile, implicate \u00een func\u021bionarea acestui site web (administra\u021bie, v\u00e2nz\u0103ri, marketing, juridic, administra\u021bie de sistem) sau p\u0103r\u021bi externe (cum ar fi, furnizori ter\u021bi de servicii tehnice, curieri, furnizori de servicii de g\u0103zduire, companii IT, agen\u021bii de comunica\u021bii) numi\u021bi, dac\u0103 este necesar, procesatori de date de c\u0103tre proprietar. Lista actualizat\u0103 a acestor p\u0103r\u021bi poate fi solicitat\u0103 de la proprietar \u00een orice moment.<\/p>\n\n\n\n<p><strong>Temeiul juridic al prelucr\u0103rii<\/strong><\/p>\n\n\n\n<p>Proprietarul poate prelucra date cu caracter personal referitoare la utilizatori dac\u0103 se aplic\u0103 una dintre urm\u0103toarele:<\/p>\n\n\n\n<ul class=\"wp-block-list\"><li>\u2022\tUtilizatorii \u0219i-au dat consim\u021b\u0103m\u00e2ntul pentru unul sau mai multe scopuri specifice. Not\u0103: \u00cen conformitate cu anumite legisla\u021bii, proprietarului i se poate permite s\u0103 prelucreze date cu caracter personal p\u00e2n\u0103 c\u00e2nd utilizatorul nu se opune unei astfel de prelucr\u0103ri (\u201eexcludere voluntar\u0103\u201d), f\u0103r\u0103 a trebui s\u0103 se bazeze pe consim\u021b\u0103m\u00e2nt sau pe oricare dintre urm\u0103toarele temeiuri juridice. Cu toate acestea, acest lucru nu se aplic\u0103 atunci c\u00e2nd prelucrarea datelor cu caracter personal se afl\u0103 sub rezerva legisla\u021biei europene privind protec\u021bia datelor;<\/li><li>\u2022\tfurnizarea datelor este necesar\u0103 pentru executarea unui contract cu utilizatorul \u0219i\/sau pentru orice obliga\u021bii precontractuale ale acestuia;<\/li><li>\u2022\tprelucrarea este necesar\u0103 pentru respectarea unei obliga\u021bii legale la care este supus proprietarul;<\/li><li>\u2022\tprelucrarea este legat\u0103 de o sarcin\u0103 care se desf\u0103\u0219oar\u0103 \u00een interes public sau \u00een exercitarea autorit\u0103\u021bii publice cu care este \u00eenvestit proprietarul;<\/li><li>\u2022\tprelucrarea este necesar\u0103 \u00een scopul intereselor legitime urm\u0103rite de c\u0103tre proprietar sau de un ter\u021b.<\/li><\/ul>\n\n\n\n<p>\u00cen orice caz, proprietarul va contribui cu pl\u0103cere la clarificarea temeiului juridic specific aplicabil prelucr\u0103rii \u0219i \u00een special dac\u0103 furnizarea datelor cu caracter personal este o cerin\u021b\u0103 legal\u0103 sau contractual\u0103 sau o cerin\u021b\u0103 necesar\u0103 pentru a \u00eencheia un contract.<\/p>\n\n\n\n<p><strong>Locul<\/strong><\/p>\n\n\n\n<p>Datele sunt prelucrate \u00een birourile de operare ale proprietarului \u0219i \u00een oricare alte locuri \u00een care sunt localizate p\u0103r\u021bile implicate \u00een prelucrare.<br>\n<br>\n\u00cen func\u021bie de loca\u021bia utilizatorului, transferurile de date pot implica transferarea datelor utilizatorului \u00eentr-o alt\u0103 \u021bar\u0103 dec\u00e2t cea proprie. Pentru a afla mai multe despre locul de prelucrare a acestor date transferate, utilizatorii pot verifica sec\u021biunea care con\u021bine detalii despre prelucrarea datelor cu caracter personal.<\/p>\n\n\n\n<p>Utilizatorii au, de asemenea, dreptul de a afla despre temeiul juridic al transferurilor de date c\u0103tre o \u021bar\u0103 din afara Uniunii Europene sau c\u0103tre orice organiza\u021bie interna\u021bional\u0103 guvernat\u0103 de dreptul interna\u021bional public sau \u00eenfiin\u021bat\u0103 de dou\u0103 sau mai multe \u021b\u0103ri, cum ar fi ONU, \u0219i despre m\u0103surile de securitate luate de c\u0103tre proprietar pentru a-\u0219i proteja datele.<br>\n<br>\n\u00cen cazul \u00een care are loc un astfel de transfer, utilizatorii pot afla mai multe prin verificarea sec\u021biunilor relevante din acest document sau prin contactarea proprietarului utiliz\u00e2nd informa\u021biile furnizate \u00een sec\u021biunea de contact.<\/p>\n\n\n\n<p><strong>Perioada de p\u0103strare<\/strong><\/p>\n\n\n\n<p>Datele cu caracter personal vor fi prelucrate \u0219i stocate at\u00e2t timp c\u00e2t este necesar pentru scopul pentru care au fost colectate.<\/p>\n\n\n\n<p>Prin urmare:<\/p>\n\n\n\n<ul class=\"wp-block-list\"><li>\u2022\tDatele cu caracter personal colectate \u00een scopuri legate de executarea unui contract \u00eentre proprietar \u0219i utilizator vor fi p\u0103strate p\u00e2n\u0103 la \u00eencheierea integral\u0103 a acestui contract.<\/li><li>\u2022\tDatele cu caracter personal colectate \u00een scopul intereselor legitime ale proprietarului vor fi p\u0103strate at\u00e2t timp c\u00e2t este necesar pentru \u00eendeplinirea acestor scopuri. Utilizatorii pot g\u0103si informa\u021bii specifice cu privire la interesele legitime urm\u0103rite de c\u0103tre proprietar \u00een sec\u021biunile relevante ale acestui document sau prin contactarea proprietarului.<\/li><\/ul>\n\n\n\n<p>Proprietarului i se permite s\u0103 p\u0103streze datele cu caracter personal pentru o perioad\u0103 mai lung\u0103 ori de c\u00e2te ori utilizatorul a dat consim\u021b\u0103m\u00e2ntul pentru o astfel de prelucrare, at\u00e2t timp c\u00e2t acest consim\u021b\u0103m\u00e2nt nu este retras. \u00cen plus, proprietarul poate fi obligat s\u0103 p\u0103streze datele cu caracter personal pentru o perioad\u0103 mai lung\u0103 ori de c\u00e2te ori este necesar s\u0103 fac\u0103 acest lucru pentru \u00eendeplinirea unei obliga\u021bii legale sau la ordinul unei autorit\u0103\u021bi.<br>\n<br>\nDup\u0103 expirarea perioadei de p\u0103strare, datele cu caracter personal vor fi \u0219terse. Prin urmare, dreptul de acces, dreptul la \u0219tergere, dreptul la rectificare \u0219i dreptul la portabilitatea datelor nu pot fi puse \u00een aplicare dup\u0103 expirarea perioadei de p\u0103strare.<\/p>\n\n\n\n<p><strong>Scopurile de prelucrare<\/strong><\/p>\n\n\n\n<p>Datele privind utilizatorul sunt colectate pentru a permite proprietarului s\u0103-\u0219i furnizeze serviciile, precum \u0219i pentru urm\u0103toarele scopuri: Analiza \u0219i contactarea utilizatorului.<\/p>\n\n\n\n<p>Utilizatorii pot g\u0103si mai multe informa\u021bii detaliate despre astfel de scopuri de prelucrare \u0219i despre datele cu caracter personal specifice utilizate pentru fiecare scop \u00een sec\u021biunile respective ale acestui document.<\/p>\n\n\n\n<p><strong>Informa\u021bii detaliate privind prelucrarea datelor cu caracter personal<\/strong><\/p>\n\n\n\n<p>Datele cu caracter personal sunt colectate \u00een urm\u0103toarele scopuri \u0219i utiliz\u00e2nd urm\u0103toarele servicii:<\/p>\n\n\n\n<ul class=\"wp-block-list\"><li><strong>Analiza<br>\n<\/strong><br>\n<\/li><li><strong>Contactarea utilizatorului<br>\n<\/strong><br>\n<\/li><\/ul>\n\n\n\n<p><strong>Drepturile utilizatorului<\/strong><\/p>\n\n\n\n<p>Utilizatorii pot exercita anumite drepturi cu privire la datele prelucrate de proprietar.<\/p>\n\n\n\n<p>\u00cen principal, utilizatorii au dreptul la urm\u0103toarele:<\/p>\n\n\n\n<ul class=\"wp-block-list\"><li>\u2022\t<strong>De a-\u0219i retrage consim\u021b\u0103m\u00e2ntul \u00een orice moment.<\/strong>&nbsp;Utilizatorii au dreptul de a-\u0219i retrage consim\u021b\u0103m\u00e2ntul \u00een cazul \u00een care \u0219i-au dat anterior consim\u021b\u0103m\u00e2ntul pentru prelucrarea datelor cu caracter personal.<\/li><li>\u2022\t<strong>De a se opune prelucr\u0103rii datelor cu caracter personal ale acestora.<\/strong>&nbsp;Utilizatorii au dreptul de a se opune prelucr\u0103rii datelor acestora \u00een cazul \u00een care prelucrarea este efectuat\u0103 pe un temei juridic diferit de consim\u021b\u0103m\u00e2nt. Mai multe detalii sunt furnizate \u00een sec\u021biunea dedicat\u0103 de mai jos.<\/li><li>\u2022\t<strong>De a-\u0219i accesa datele.<\/strong>&nbsp;Utilizatorii au dreptul de a afla dac\u0103 datele sunt prelucrate de proprietar, de a ob\u021bine divulgarea anumitor aspecte ale prelucr\u0103rii \u0219i de a ob\u021bine o copie a datelor care fac obiectul prelucr\u0103rii.<\/li><li>\u2022\t<strong>De a verifica \u0219i solicita rectificarea.<\/strong>&nbsp;Utilizatorii au dreptul de a verifica exactitatea datelor \u0219i de a solicita actualizarea sau corectarea acestora.<\/li><li>\u2022\t<strong>De a restric\u021biona prelucrarea datelor acestora.<\/strong>&nbsp;Utilizatorii au dreptul, \u00een anumite circumstan\u021be, de a restric\u021biona prelucrarea datelor acestora. \u00cen acest caz, proprietarul nu va prelucra datele acestora \u00een alt scop dec\u00e2t pentru a le stoca.<\/li><li>\u2022\t<strong>De a li se \u0219terge datele cu caracter personal sau de a fi eliminate \u00eentr-un alt mod.<\/strong>&nbsp;Utilizatorii au dreptul, \u00een anumite circumstan\u021be, de a ob\u021bine \u0219tergerea datelor acestora de la proprietar.<\/li><li>\u2022\t<strong>De a-\u0219i primi datele \u0219i de a fi transferate unui alt operator.<\/strong>&nbsp;Utilizatorii au dreptul de a-\u0219i primi datele \u00eentr-un format structurat, utilizat \u00een mod obi\u0219nuit \u0219i citit automat \u0219i, dac\u0103 este fezabil din punct de vedere tehnic, de a fi transmise unui alt operator f\u0103r\u0103 nici o restric\u021bie. Aceast\u0103 prevedere este aplicabil\u0103 cu condi\u021bia ca datele s\u0103 fie prelucrate prin mijloace automatizate \u0219i ca prelucrarea s\u0103 se bazeze pe consim\u021b\u0103m\u00e2ntul utilizatorului, pe un contract din care utilizatorul face parte sau pe obliga\u021biile precontractuale ale acestuia.<\/li><li>\u2022\t<strong>De a depune o pl\u00e2ngere.<\/strong>&nbsp;Utilizatorii au dreptul s\u0103 depun\u0103 o pl\u00e2ngere \u00een fa\u021ba autorit\u0103\u021bii competente de protec\u021bie a datelor.<\/li><\/ul>\n\n\n\n<p><strong>Detalii despre dreptul de a se opune prelucr\u0103rii<\/strong><\/p>\n\n\n\n<p>\u00cen cazul \u00een care datele cu caracter personal sunt prelucrate \u00een interes public, \u00een exercitarea unei autorit\u0103\u021bi publice cu care este \u00eenvestit proprietarul sau \u00een scopul intereselor legitime urm\u0103rite de proprietar, utilizatorii pot s\u0103 se opun\u0103 unei astfel de prelucr\u0103ri furniz\u00e2nd un motiv legat de situa\u021bia particular\u0103 a acestora pentru a justifica obiec\u021bia.<\/p>\n\n\n\n<p>Utilizatorii trebuie s\u0103 \u0219tie \u00eens\u0103 c\u0103, \u00een cazul \u00een care datele cu caracter personal ale acestora vor fi prelucrate \u00een scopuri de marketing direct, ace\u0219tia se pot opune unei astfel de prelucr\u0103ri \u00een orice moment f\u0103r\u0103 a oferi nici o justificare. Pentru a afla dac\u0103 proprietarul prelucreaz\u0103 date cu caracter personal \u00een scopuri de marketing direct, utilizatorii pot consulta sec\u021biunile relevante ale acestui document.<\/p>\n\n\n\n<p><strong>Cum se pot exercita aceste drepturi<\/strong><\/p>\n\n\n\n<p>Orice solicitare de a exercita drepturi de utilizator poate fi direc\u021bionat\u0103 c\u0103tre proprietar prin intermediul datelor de contact furnizate \u00een acest document. Aceste solicit\u0103ri pot fi exercitate gratuit \u0219i vor fi solu\u021bionate de c\u0103tre proprietar c\u00e2t mai cur\u00e2nd posibil \u0219i \u00eentotdeauna \u00een termen de o lun\u0103.<\/p>\n\n\n\n<p><strong>Politica de cookie<\/strong><\/p>\n\n\n\n<p>Acest site web folose\u0219te cookie-uri. Pentru a afla mai multe \u0219i pentru o notificare detaliat\u0103 privind cookie-urile, utilizatorul poate consulta&nbsp;<a href=\"https:\/\/www.iubenda.com\/privacy-policy\/12831900\/cookie-policy?ifr=true&amp;height=800\">Politica de cookie<\/a>.<\/p>\n\n\n\n<p><strong>Informa\u021bii suplimentare despre colectarea \u0219i prelucrarea datelor<\/strong><\/p>\n\n\n\n<p><strong>Ac\u021biuni \u00een justi\u021bie<\/strong><\/p>\n\n\n\n<p>Datele cu caracter personal ale utilizatorului pot fi utilizate \u00een scopuri legale de c\u0103tre proprietar \u00een instan\u021b\u0103 sau \u00een etapele care conduc la posibile ac\u021biuni \u00een justi\u021bie rezultate din utilizarea necorespunz\u0103toare a acestui site web sau a serviciilor aferente.<br>\nUtilizatorul declar\u0103 c\u0103 are cuno\u0219tin\u021b\u0103 de faptul c\u0103 proprietarului i se poate cere s\u0103 divulge date cu caracter personal la cererea autorit\u0103\u021bilor publice.<\/p>\n\n\n\n<p><strong>Informa\u021bii suplimentare despre datele cu caracter personal ale utilizatorului<\/strong><\/p>\n\n\n\n<p>Pe l\u00e2ng\u0103 informa\u021biile con\u021binute \u00een aceast\u0103 politic\u0103 de confiden\u021bialitate, acest site poate furniza utilizatorului informa\u021bii suplimentare \u0219i contextuale privind anumite servicii sau colectarea \u0219i prelucrarea datelor cu caracter personal la cerere.<\/p>\n\n\n\n<p><strong>Jurnalul sistemului \u0219i \u00eentre\u021binerea<\/strong><\/p>\n\n\n\n<p>\u00cen scopuri de operare \u0219i \u00eentre\u021binere, acest site web \u0219i orice servicii ale unor ter\u021bi pot colecta fi\u0219iere care \u00eenregistreaz\u0103 interac\u021biunea cu acest site web (jurnale de sistem) utiliz\u00e2nd alte date personale (cum ar fi adresa IP) \u00een acest scop.<\/p>\n\n\n\n<p><strong>Informa\u021bii ce nu sunt incluse \u00een aceast\u0103 politic\u0103<\/strong><\/p>\n\n\n\n<p>Mai multe detalii privind colectarea sau prelucrarea datelor cu caracter personal pot fi solicitate de la proprietar \u00een orice moment. Consulta\u021bi informa\u021biile de contact de la \u00eenceputul acestui document.<\/p>\n\n\n\n<p><strong>Modul \u00een care sunt tratate solicit\u0103rile \u201eF\u0103r\u0103 monitorizare\u201d<\/strong><\/p>\n\n\n\n<p>Acest site web nu accept\u0103 solicit\u0103rile \u201eF\u0103r\u0103 monitorizare\u201d.<br>\nPentru a determina dac\u0103 oricare dintre serviciile ter\u021be pe care le utiliza\u021bi onoreaz\u0103 solicit\u0103rile \u201eF\u0103r\u0103 monitorizare\u201d, citi\u021bi politicile de confiden\u021bialitate ale acestora.<\/p>\n\n\n\n<p><strong>Modific\u0103ri ale acestei politici de confiden\u021bialitate<\/strong><\/p>\n\n\n\n<p>Proprietarul \u00ee\u0219i rezerv\u0103 dreptul de a aduce modific\u0103ri acestei politici de confiden\u021bialitate \u00een orice moment prin notificarea utilizatorilor pe aceast\u0103 pagin\u0103 \u0219i, eventual, pe acest site web \u0219i\/sau &#8211; \u00een m\u0103sura posibilit\u0103\u021bilor din punct de vedere tehnic \u0219i legal &#8211; prin trimiterea unei notific\u0103ri c\u0103tre utilizatori prin intermediul oric\u0103ror informa\u021bii de contact ce stau la dispozi\u021bia proprietarului. Este recomandat s\u0103 verifica\u021bi frecvent aceast\u0103 pagin\u0103, referindu-v\u0103 la data ultimei modific\u0103ri listate \u00een partea de jos.&nbsp;<br>\n<br>\n\u00cen cazul \u00een care modific\u0103rile afecteaz\u0103 activit\u0103\u021bile de prelucrare efectuate pe baza consim\u021b\u0103m\u00e2ntului utilizatorului, proprietarul va colecta un nou consim\u021b\u0103m\u00e2nt de la utilizator, dac\u0103 este necesar.<\/p>\n\n\n\n<p><strong>Defini\u021bii \u0219i referin\u021be juridice<\/strong><\/p>\n\n\n\n<p>Ultima actualizare: 22 februarie 2019<\/p>\n\n\n\n<p><a href=\"https:\/\/www.iubenda.com\/\">iubenda<\/a>&nbsp;g\u0103zduie\u0219te acest con\u021binut \u0219i colecteaz\u0103 doar&nbsp;<a href=\"https:\/\/www.iubenda.com\/privacy-policy\/65675001\">datele cu caracter personal strict necesare<\/a>&nbsp;pentru ca acesta s\u0103 fie furnizat.<\/p>\n\n\n\n<p><a href=\"https:\/\/www.iubenda.com\/privacy-policy\/12831900?ifr=true&amp;height=800\">Afi\u0219are Politic\u0103 de confiden\u021bialitate simplificat\u0103<\/a><\/p>\n\n\n\n<p><\/p>\n\n\n\n<p><\/p>\n","protected":false},"excerpt":{"rendered":"<p>Politic\u0103 de confiden\u021bialitate a&nbsp;www.fast-est.com\/ Acest site web colecteaz\u0103 anumite date cu caracter personal de la utilizatorii s\u0103i. Proprietarul \u0219i operatorul de date FastEst Srl&nbsp; Strada Str\u0103muta\u021bi, nr. 54&nbsp; 610203 Piatra-Neam\u021b (NT)&nbsp; Rom\u00e2nia&nbsp; Num\u0103r de \u00eenregistrare \u00een Registrul Comer\u021bului: J27\/340\/2001&nbsp; Num\u0103r TVA: RO 14140519 E-mail de&#8230;<\/p>\n","protected":false},"author":1,"featured_media":0,"parent":0,"menu_order":0,"comment_status":"closed","ping_status":"closed","template":"","meta":{"footnotes":""},"class_list":["post-634","page","type-page","status-publish","hentry"],"_links":{"self":[{"href":"https:\/\/fast-est.com\/ro\/wp-json\/wp\/v2\/pages\/634"}],"collection":[{"href":"https:\/\/fast-est.com\/ro\/wp-json\/wp\/v2\/pages"}],"about":[{"href":"https:\/\/fast-est.com\/ro\/wp-json\/wp\/v2\/types\/page"}],"author":[{"embeddable":true,"href":"https:\/\/fast-est.com\/ro\/wp-json\/wp\/v2\/users\/1"}],"replies":[{"embeddable":true,"href":"https:\/\/fast-est.com\/ro\/wp-json\/wp\/v2\/comments?post=634"}],"version-history":[{"count":2,"href":"https:\/\/fast-est.com\/ro\/wp-json\/wp\/v2\/pages\/634\/revisions"}],"predecessor-version":[{"id":636,"href":"https:\/\/fast-est.com\/ro\/wp-json\/wp\/v2\/pages\/634\/revisions\/636"}],"wp:attachment":[{"href":"https:\/\/fast-est.com\/ro\/wp-json\/wp\/v2\/media?parent=634"}],"curies":[{"name":"wp","href":"https:\/\/api.w.org\/{rel}","templated":true}]}}